{"id":93,"date":"2017-02-17T20:51:43","date_gmt":"2017-02-17T19:51:43","guid":{"rendered":"http:\/\/volleyballelitecamp.com\/?page_id=93"},"modified":"2021-12-21T23:38:03","modified_gmt":"2021-12-21T22:38:03","slug":"les-formules","status":"publish","type":"page","link":"https:\/\/volleyballelitecamp.com\/index.php\/les-formules\/","title":{"rendered":"Les formules"},"content":{"rendered":"\t\t<div data-elementor-type=\"wp-post\" data-elementor-id=\"93\" class=\"elementor elementor-93\" data-elementor-settings=\"[]\">\n\t\t\t\t\t\t<div class=\"elementor-inner\">\n\t\t\t\t\t\t\t<div class=\"elementor-section-wrap\">\n\t\t\t\t\t\t\t<section class=\"elementor-section elementor-top-section elementor-element elementor-element-wmjecin elementor-section-height-min-height elementor-section-stretched elementor-section-full_width elementor-section-height-default elementor-section-items-middle\" data-id=\"wmjecin\" data-element_type=\"section\" data-settings=\"{&quot;background_background&quot;:&quot;classic&quot;,&quot;stretch_section&quot;:&quot;section-stretched&quot;}\">\n\t\t\t\t\t\t\t<div class=\"elementor-background-overlay\"><\/div>\n\t\t\t\t\t\t\t<div class=\"elementor-container elementor-column-gap-default\">\n\t\t\t\t\t\t\t<div class=\"elementor-row\">\n\t\t\t\t\t<div class=\"elementor-column elementor-col-100 elementor-top-column elementor-element elementor-element-nlqoipb\" data-id=\"nlqoipb\" data-element_type=\"column\">\n\t\t\t<div class=\"elementor-column-wrap elementor-element-populated\">\n\t\t\t\t\t\t\t<div class=\"elementor-widget-wrap\">\n\t\t\t\t\t\t<div class=\"elementor-element elementor-element-wrseruu elementor-widget elementor-widget-heading\" data-id=\"wrseruu\" data-element_type=\"widget\" data-widget_type=\"heading.default\">\n\t\t\t\t<div class=\"elementor-widget-container\">\n\t\t\t<h2 class=\"elementor-heading-title elementor-size-large\">Les formules<\/h2>\t\t<\/div>\n\t\t\t\t<\/div>\n\t\t\t\t\t\t<\/div>\n\t\t\t\t\t<\/div>\n\t\t<\/div>\n\t\t\t\t\t\t\t\t<\/div>\n\t\t\t\t\t<\/div>\n\t\t<\/section>\n\t\t\t\t<section class=\"elementor-section elementor-top-section elementor-element elementor-element-lgcbaqd elementor-section-boxed elementor-section-height-default elementor-section-height-default\" data-id=\"lgcbaqd\" data-element_type=\"section\">\n\t\t\t\t\t\t<div class=\"elementor-container elementor-column-gap-default\">\n\t\t\t\t\t\t\t<div class=\"elementor-row\">\n\t\t\t\t\t<div class=\"elementor-column elementor-col-100 elementor-top-column elementor-element elementor-element-cgxhxbs\" data-id=\"cgxhxbs\" data-element_type=\"column\">\n\t\t\t<div class=\"elementor-column-wrap elementor-element-populated\">\n\t\t\t\t\t\t\t<div class=\"elementor-widget-wrap\">\n\t\t\t\t\t\t<div class=\"elementor-element elementor-element-7i0b9a2 elementor-widget elementor-widget-text-editor\" data-id=\"7i0b9a2\" data-element_type=\"widget\" data-widget_type=\"text-editor.default\">\n\t\t\t\t<div class=\"elementor-widget-container\">\n\t\t\t\t\t\t\t\t<div class=\"elementor-text-editor elementor-clearfix\">\n\t\t\t\t<p class=\"\"><strong>LE CAMP A LIEU DU 10 AU 15 JUILLET 2022<\/strong><\/p><p><strong>Formule Classic<\/strong>\u00a0: Entra\u00eenement par module, h\u00e9bergement en chambre de 2 \u00e0 4 personnes maxi, suivi m\u00e9dical , kin\u00e9sith\u00e9rapeute et ost\u00e9opathe.<\/p><p>Les conditions de participation<\/p><p>Formules \u00ab Classic M13, M15, M17, M20 \u00bb<strong>,\u00a0<\/strong>\u00a0ouvertes \u00e0 toutes joueuses, sans restriction de niveau de jeu.<\/p><p><strong>Les cat\u00e9gories : elles correspondent \u00e0 celles de la saison en cours (2021\/2022).<\/strong><\/p><p><strong>M13<\/strong> joueuses n\u00e9es en 2009, 2010 et 2011.<\/p><p><strong>M15<\/strong> joueuses n\u00e9es en 2007 et 2008.<\/p><p><strong>M17<\/strong> joueuses n\u00e9es en 2005 et 2006.<\/p><p><strong>M20<\/strong> joueuses n\u00e9es en 2002, 2003 et 2004.<\/p>\t\t\t\t\t<\/div>\n\t\t\t\t\t\t<\/div>\n\t\t\t\t<\/div>\n\t\t\t\t\t\t<\/div>\n\t\t\t\t\t<\/div>\n\t\t<\/div>\n\t\t\t\t\t\t\t\t<\/div>\n\t\t\t\t\t<\/div>\n\t\t<\/section>\n\t\t\t\t<section class=\"elementor-section elementor-top-section elementor-element elementor-element-c669fa1 elementor-section-stretched elementor-section-boxed elementor-section-height-default elementor-section-height-default\" data-id=\"c669fa1\" data-element_type=\"section\" data-settings=\"{&quot;stretch_section&quot;:&quot;section-stretched&quot;,&quot;background_background&quot;:&quot;classic&quot;}\">\n\t\t\t\t\t\t\t<div class=\"elementor-background-overlay\"><\/div>\n\t\t\t\t\t\t\t<div class=\"elementor-container elementor-column-gap-default\">\n\t\t\t\t\t\t\t<div class=\"elementor-row\">\n\t\t\t\t\t<div class=\"elementor-column elementor-col-100 elementor-top-column elementor-element elementor-element-66bf77a\" data-id=\"66bf77a\" data-element_type=\"column\">\n\t\t\t<div class=\"elementor-column-wrap elementor-element-populated\">\n\t\t\t\t\t\t\t<div class=\"elementor-widget-wrap\">\n\t\t\t\t\t\t<div class=\"elementor-element elementor-element-71829df elementor-widget elementor-widget-spacer\" data-id=\"71829df\" data-element_type=\"widget\" data-widget_type=\"spacer.default\">\n\t\t\t\t<div class=\"elementor-widget-container\">\n\t\t\t\t\t<div class=\"elementor-spacer\">\n\t\t\t<div class=\"elementor-spacer-inner\"><\/div>\n\t\t<\/div>\n\t\t\t\t<\/div>\n\t\t\t\t<\/div>\n\t\t\t\t<div class=\"elementor-element elementor-element-a786885 elementor-widget-divider--view-line elementor-widget elementor-widget-divider\" data-id=\"a786885\" data-element_type=\"widget\" data-widget_type=\"divider.default\">\n\t\t\t\t<div class=\"elementor-widget-container\">\n\t\t\t\t\t<div class=\"elementor-divider\">\n\t\t\t<span class=\"elementor-divider-separator\">\n\t\t\t\t\t\t<\/span>\n\t\t<\/div>\n\t\t\t\t<\/div>\n\t\t\t\t<\/div>\n\t\t\t\t<div class=\"elementor-element elementor-element-965a6db elementor-widget elementor-widget-heading\" data-id=\"965a6db\" data-element_type=\"widget\" data-widget_type=\"heading.default\">\n\t\t\t\t<div class=\"elementor-widget-container\">\n\t\t\t<h2 class=\"elementor-heading-title elementor-size-default\">Tarifs<\/h2>\t\t<\/div>\n\t\t\t\t<\/div>\n\t\t\t\t<div class=\"elementor-element elementor-element-5d4bb94 elementor-widget elementor-widget-text-editor\" data-id=\"5d4bb94\" data-element_type=\"widget\" data-widget_type=\"text-editor.default\">\n\t\t\t\t<div class=\"elementor-widget-container\">\n\t\t\t\t\t\t\t\t<div class=\"elementor-text-editor elementor-clearfix\">\n\t\t\t\t<p><strong>Les prix des formules \u00ab Classic\u00a0\u00bb.<\/strong><\/p><p>Pension compl\u00e8te Formule\u00a0<strong>\u00ab Classic M13 M15 M17 M20 \u00bb : 510 \u20ac<\/strong><\/p><p><strong>D\u00e9finition du statut de Demi-pension<\/strong><\/p><p>Possibilit\u00e9 de prendre un repas, acc\u00e8s aux modules d\u2019entra\u00eenements tous les jours, <em><strong>h\u00e9bergement et petit d\u00e9jeuner \u00e0 votre charge.\u00a0<\/strong><\/em>Cette formule est adapt\u00e9e pour les joueuses locales ou ayant une solution d\u2019h\u00e9bergement \u00e0 proximit\u00e9.<\/p><p>Demi-pension\u00a0<strong>\u00ab Classic \u00bb\u00a0\u00a0<\/strong>(1 repas \/ jour)<strong> : 299 \u20ac<\/strong><\/p><p><strong>Nuit suppl\u00e9mentaire: 59 \u20ac<\/strong><\/p><p>Pour les stagiaires qui doivent arriver la veille (Samedi 9 juillet 2022) et\/ou repartir le lendemain (samedi 16 juillet 2022): la nuit en chambre de 2, la surveillance, le repas du soir, le petit d\u00e9jeuner et la navette en direction de la gare TGV seront factur\u00e9s 59 euros par soir\u00e9e et par personne.<\/p>\t\t\t\t\t<\/div>\n\t\t\t\t\t\t<\/div>\n\t\t\t\t<\/div>\n\t\t\t\t<div class=\"elementor-element elementor-element-df0804e elementor-widget-divider--view-line elementor-widget elementor-widget-divider\" data-id=\"df0804e\" data-element_type=\"widget\" data-widget_type=\"divider.default\">\n\t\t\t\t<div class=\"elementor-widget-container\">\n\t\t\t\t\t<div class=\"elementor-divider\">\n\t\t\t<span class=\"elementor-divider-separator\">\n\t\t\t\t\t\t<\/span>\n\t\t<\/div>\n\t\t\t\t<\/div>\n\t\t\t\t<\/div>\n\t\t\t\t<div class=\"elementor-element elementor-element-f98c31d elementor-widget elementor-widget-spacer\" data-id=\"f98c31d\" data-element_type=\"widget\" data-widget_type=\"spacer.default\">\n\t\t\t\t<div class=\"elementor-widget-container\">\n\t\t\t\t\t<div class=\"elementor-spacer\">\n\t\t\t<div class=\"elementor-spacer-inner\"><\/div>\n\t\t<\/div>\n\t\t\t\t<\/div>\n\t\t\t\t<\/div>\n\t\t\t\t\t\t<\/div>\n\t\t\t\t\t<\/div>\n\t\t<\/div>\n\t\t\t\t\t\t\t\t<\/div>\n\t\t\t\t\t<\/div>\n\t\t<\/section>\n\t\t\t\t\t\t<\/div>\n\t\t\t\t\t\t<\/div>\n\t\t\t\t\t<\/div>\n\t\t","protected":false},"excerpt":{"rendered":"<p>Les formules LE CAMP A LIEU DU 10 AU 15 JUILLET 2022 Formule Classic\u00a0: Entra\u00eenement par module, h\u00e9bergement en chambre de 2 \u00e0 4 personnes maxi, suivi m\u00e9dical , kin\u00e9sith\u00e9rapeute et ost\u00e9opathe. Les conditions de participation Formules \u00ab Classic M13, M15, M17, M20 \u00bb,\u00a0\u00a0ouvertes \u00e0&#8230;<\/p>\n","protected":false},"author":2,"featured_media":95,"parent":0,"menu_order":0,"comment_status":"closed","ping_status":"closed","template":"","meta":{"_eb_attr":""},"_links":{"self":[{"href":"https:\/\/volleyballelitecamp.com\/index.php\/wp-json\/wp\/v2\/pages\/93"}],"collection":[{"href":"https:\/\/volleyballelitecamp.com\/index.php\/wp-json\/wp\/v2\/pages"}],"about":[{"href":"https:\/\/volleyballelitecamp.com\/index.php\/wp-json\/wp\/v2\/types\/page"}],"author":[{"embeddable":true,"href":"https:\/\/volleyballelitecamp.com\/index.php\/wp-json\/wp\/v2\/users\/2"}],"replies":[{"embeddable":true,"href":"https:\/\/volleyballelitecamp.com\/index.php\/wp-json\/wp\/v2\/comments?post=93"}],"version-history":[{"count":39,"href":"https:\/\/volleyballelitecamp.com\/index.php\/wp-json\/wp\/v2\/pages\/93\/revisions"}],"predecessor-version":[{"id":931,"href":"https:\/\/volleyballelitecamp.com\/index.php\/wp-json\/wp\/v2\/pages\/93\/revisions\/931"}],"wp:featuredmedia":[{"embeddable":true,"href":"https:\/\/volleyballelitecamp.com\/index.php\/wp-json\/wp\/v2\/media\/95"}],"wp:attachment":[{"href":"https:\/\/volleyballelitecamp.com\/index.php\/wp-json\/wp\/v2\/media?parent=93"}],"curies":[{"name":"wp","href":"https:\/\/api.w.org\/{rel}","templated":true}]}}