{"id":302,"date":"2017-11-03T17:01:10","date_gmt":"2017-11-03T16:01:10","guid":{"rendered":"http:\/\/volleyballelitecamp.com\/?page_id=302"},"modified":"2022-01-02T21:09:34","modified_gmt":"2022-01-02T20:09:34","slug":"inscription-2","status":"publish","type":"page","link":"https:\/\/volleyballelitecamp.com\/index.php\/inscription-2\/","title":{"rendered":"INSCRIPTION 2"},"content":{"rendered":"\t\t<div data-elementor-type=\"wp-post\" data-elementor-id=\"302\" class=\"elementor elementor-302\" data-elementor-settings=\"[]\">\n\t\t\t\t\t\t<div class=\"elementor-inner\">\n\t\t\t\t\t\t\t<div class=\"elementor-section-wrap\">\n\t\t\t\t\t\t\t<section class=\"elementor-section elementor-top-section elementor-element elementor-element-wxxmzfh elementor-section-height-min-height elementor-section-stretched elementor-section-boxed elementor-section-height-default elementor-section-items-middle\" data-id=\"wxxmzfh\" data-element_type=\"section\" data-settings=\"{&quot;background_background&quot;:&quot;classic&quot;,&quot;stretch_section&quot;:&quot;section-stretched&quot;}\">\n\t\t\t\t\t\t\t<div class=\"elementor-background-overlay\"><\/div>\n\t\t\t\t\t\t\t<div class=\"elementor-container elementor-column-gap-default\">\n\t\t\t\t\t\t\t<div class=\"elementor-row\">\n\t\t\t\t\t<div class=\"elementor-column elementor-col-100 elementor-top-column elementor-element elementor-element-dbmcrxn\" data-id=\"dbmcrxn\" data-element_type=\"column\">\n\t\t\t<div class=\"elementor-column-wrap elementor-element-populated\">\n\t\t\t\t\t\t\t<div class=\"elementor-widget-wrap\">\n\t\t\t\t\t\t<div class=\"elementor-element elementor-element-kltqzha elementor-widget elementor-widget-heading\" data-id=\"kltqzha\" data-element_type=\"widget\" data-widget_type=\"heading.default\">\n\t\t\t\t<div class=\"elementor-widget-container\">\n\t\t\t<h2 class=\"elementor-heading-title elementor-size-large\">INSCRIPTION<\/h2>\t\t<\/div>\n\t\t\t\t<\/div>\n\t\t\t\t\t\t<\/div>\n\t\t\t\t\t<\/div>\n\t\t<\/div>\n\t\t\t\t\t\t\t\t<\/div>\n\t\t\t\t\t<\/div>\n\t\t<\/section>\n\t\t\t\t<section class=\"elementor-section elementor-top-section elementor-element elementor-element-18d818a elementor-section-stretched elementor-section-full_width elementor-section-height-min-height elementor-section-height-default elementor-section-items-middle\" data-id=\"18d818a\" data-element_type=\"section\" data-settings=\"{&quot;stretch_section&quot;:&quot;section-stretched&quot;,&quot;background_background&quot;:&quot;classic&quot;}\">\n\t\t\t\t\t\t\t<div class=\"elementor-background-overlay\"><\/div>\n\t\t\t\t\t\t\t<div class=\"elementor-container elementor-column-gap-default\">\n\t\t\t\t\t\t\t<div class=\"elementor-row\">\n\t\t\t\t\t<div class=\"elementor-column elementor-col-100 elementor-top-column elementor-element elementor-element-6e2bfaf\" data-id=\"6e2bfaf\" data-element_type=\"column\">\n\t\t\t<div class=\"elementor-column-wrap elementor-element-populated\">\n\t\t\t\t\t\t\t<div class=\"elementor-widget-wrap\">\n\t\t\t\t\t\t<div class=\"elementor-element elementor-element-c018ed9 elementor-widget elementor-widget-text-editor\" data-id=\"c018ed9\" data-element_type=\"widget\" data-widget_type=\"text-editor.default\">\n\t\t\t\t<div class=\"elementor-widget-container\">\n\t\t\t\t\t\t\t\t<div class=\"elementor-text-editor elementor-clearfix\">\n\t\t\t\t<p>Vous trouverez ci-dessous la pr\u00e9sentation des \u00e9tapes \u00e0 suivre, pour s&rsquo;inscrire au Volley Etite Camp.<\/p>\t\t\t\t\t<\/div>\n\t\t\t\t\t\t<\/div>\n\t\t\t\t<\/div>\n\t\t\t\t<div class=\"elementor-element elementor-element-7b371f2 elementor-align-center elementor-widget elementor-widget-button\" data-id=\"7b371f2\" data-element_type=\"widget\" data-widget_type=\"button.default\">\n\t\t\t\t<div class=\"elementor-widget-container\">\n\t\t\t\t\t<div class=\"elementor-button-wrapper\">\n\t\t\t<a href=\"https:\/\/volley-elite-camp-2022.paperform.co\/\" target=\"_blank\" class=\"elementor-button-link elementor-button elementor-size-md\" role=\"button\">\n\t\t\t\t\t\t<span class=\"elementor-button-content-wrapper\">\n\t\t\t\t\t\t<span class=\"elementor-button-icon elementor-align-icon-left\">\n\t\t\t\t<i aria-hidden=\"true\" class=\"fas fa-external-link-alt\"><\/i>\t\t\t<\/span>\n\t\t\t\t\t\t<span class=\"elementor-button-text\">INSCRIPTION<\/span>\n\t\t<\/span>\n\t\t\t\t\t<\/a>\n\t\t<\/div>\n\t\t\t\t<\/div>\n\t\t\t\t<\/div>\n\t\t\t\t\t\t<\/div>\n\t\t\t\t\t<\/div>\n\t\t<\/div>\n\t\t\t\t\t\t\t\t<\/div>\n\t\t\t\t\t<\/div>\n\t\t<\/section>\n\t\t\t\t<section class=\"elementor-section elementor-top-section elementor-element elementor-element-wjfdcjk elementor-section-stretched elementor-section-boxed elementor-section-height-default elementor-section-height-default\" data-id=\"wjfdcjk\" data-element_type=\"section\" data-settings=\"{&quot;stretch_section&quot;:&quot;section-stretched&quot;}\">\n\t\t\t\t\t\t<div class=\"elementor-container elementor-column-gap-default\">\n\t\t\t\t\t\t\t<div class=\"elementor-row\">\n\t\t\t\t\t<div class=\"elementor-column elementor-col-100 elementor-top-column elementor-element elementor-element-swaimvz\" data-id=\"swaimvz\" data-element_type=\"column\">\n\t\t\t<div class=\"elementor-column-wrap elementor-element-populated\">\n\t\t\t\t\t\t\t<div class=\"elementor-widget-wrap\">\n\t\t\t\t\t\t<div class=\"elementor-element elementor-element-fynrxfk elementor-widget elementor-widget-text-editor\" data-id=\"fynrxfk\" data-element_type=\"widget\" data-widget_type=\"text-editor.default\">\n\t\t\t\t<div class=\"elementor-widget-container\">\n\t\t\t\t\t\t\t\t<div class=\"elementor-text-editor elementor-clearfix\">\n\t\t\t\t<p class=\"\"><strong>1 &#8211;\u00a0<\/strong>Inscription sur le formulaire en ligne, \u00e0 partir du dimanche 2 Janvier 2022.<\/p><p><strong>2 &#8211; \u00a0<\/strong>Vous recevez un mail confirmant votre inscription. Cette d\u00e9marche vous garantie une place dans la cat\u00e9gorie et la formule choisie.<\/p><p><strong>3 &#8211;\u00a0<\/strong>Dans un d\u00e9lai maximin de 10 jours, le service administratif pourra vous recontacter, si des erreurs \u00e9taient d\u00e9tect\u00e9es lors de la saisie des informations en ligne<strong>.<\/strong><\/p><p class=\"\"><strong>4 &#8211;\u00a0<\/strong>Pour toute communication, nous vous demanderons de bien rappeler votre num\u00e9ro d&rsquo;inscription<\/p><p><strong>5 &#8211;\u00a0<\/strong>Pour le 30 Mai 2022, vous devrez completer le dossier m\u00e9dical en ligne:<\/p><ul><li style=\"list-style-type: none;\"><ul><li>Remplir la fiche sanitaire<\/li><li>\u00a0D\u00e9poser les fichiers sous forme num\u00e9rique les fichiers suivants:<ul><li>Attestation de s\u00e9curit\u00e9 sociale.<\/li><li>Carte de mutuelle, \u00e0 jour de validit\u00e9.<\/li><li>Attestation d&rsquo;assurance en responsabilit\u00e9 civile.<\/li><li>Certificat m\u00e9dical de &#8211; 3 mois<\/li><\/ul><\/li><\/ul><\/li><\/ul><p class=\"\"><strong>6 &#8211; Le solde du camp doit \u00eatre r\u00e9gl\u00e9 en date du 5 juin <i>2022<\/i>.<\/strong><\/p>\t\t\t\t\t<\/div>\n\t\t\t\t\t\t<\/div>\n\t\t\t\t<\/div>\n\t\t\t\t<div class=\"elementor-element elementor-element-430e6e1 elementor-widget elementor-widget-text-editor\" data-id=\"430e6e1\" data-element_type=\"widget\" data-widget_type=\"text-editor.default\">\n\t\t\t\t<div class=\"elementor-widget-container\">\n\t\t\t\t\t\t\t\t<div class=\"elementor-text-editor elementor-clearfix\">\n\t\t\t\t\t\t\t\t\t<\/div>\n\t\t\t\t\t\t<\/div>\n\t\t\t\t<\/div>\n\t\t\t\t\t\t<\/div>\n\t\t\t\t\t<\/div>\n\t\t<\/div>\n\t\t\t\t\t\t\t\t<\/div>\n\t\t\t\t\t<\/div>\n\t\t<\/section>\n\t\t\t\t\t\t<\/div>\n\t\t\t\t\t\t<\/div>\n\t\t\t\t\t<\/div>\n\t\t","protected":false},"excerpt":{"rendered":"<p>INSCRIPTION Vous trouverez ci-dessous la pr\u00e9sentation des \u00e9tapes \u00e0 suivre, pour s&rsquo;inscrire au Volley Etite Camp. INSCRIPTION 1 &#8211;\u00a0Inscription sur le formulaire en ligne, \u00e0 partir du dimanche 2 Janvier 2022. 2 &#8211; \u00a0Vous recevez un mail confirmant votre inscription. Cette d\u00e9marche vous garantie une&#8230;<\/p>\n","protected":false},"author":1,"featured_media":0,"parent":0,"menu_order":0,"comment_status":"closed","ping_status":"closed","template":"","meta":{"_eb_attr":""},"_links":{"self":[{"href":"https:\/\/volleyballelitecamp.com\/index.php\/wp-json\/wp\/v2\/pages\/302"}],"collection":[{"href":"https:\/\/volleyballelitecamp.com\/index.php\/wp-json\/wp\/v2\/pages"}],"about":[{"href":"https:\/\/volleyballelitecamp.com\/index.php\/wp-json\/wp\/v2\/types\/page"}],"author":[{"embeddable":true,"href":"https:\/\/volleyballelitecamp.com\/index.php\/wp-json\/wp\/v2\/users\/1"}],"replies":[{"embeddable":true,"href":"https:\/\/volleyballelitecamp.com\/index.php\/wp-json\/wp\/v2\/comments?post=302"}],"version-history":[{"count":41,"href":"https:\/\/volleyballelitecamp.com\/index.php\/wp-json\/wp\/v2\/pages\/302\/revisions"}],"predecessor-version":[{"id":996,"href":"https:\/\/volleyballelitecamp.com\/index.php\/wp-json\/wp\/v2\/pages\/302\/revisions\/996"}],"wp:attachment":[{"href":"https:\/\/volleyballelitecamp.com\/index.php\/wp-json\/wp\/v2\/media?parent=302"}],"curies":[{"name":"wp","href":"https:\/\/api.w.org\/{rel}","templated":true}]}}