{"id":178,"date":"2017-02-28T23:30:58","date_gmt":"2017-02-28T22:30:58","guid":{"rendered":"http:\/\/volleyballelitecamp.com\/?page_id=178"},"modified":"2021-12-21T23:26:24","modified_gmt":"2021-12-21T22:26:24","slug":"le-concept","status":"publish","type":"page","link":"https:\/\/volleyballelitecamp.com\/index.php\/le-concept\/","title":{"rendered":"Le Concept"},"content":{"rendered":"\t\t<div data-elementor-type=\"wp-page\" data-elementor-id=\"178\" class=\"elementor elementor-178\" data-elementor-settings=\"[]\">\n\t\t\t\t\t\t<div class=\"elementor-inner\">\n\t\t\t\t\t\t\t<div class=\"elementor-section-wrap\">\n\t\t\t\t\t\t\t<section class=\"elementor-section elementor-top-section elementor-element elementor-element-zqrqoiz elementor-section-height-min-height elementor-section-full_width elementor-section-stretched elementor-section-height-default elementor-section-items-middle\" data-id=\"zqrqoiz\" data-element_type=\"section\" data-settings=\"{&quot;background_background&quot;:&quot;video&quot;,&quot;stretch_section&quot;:&quot;section-stretched&quot;,&quot;background_video_link&quot;:&quot;https:\\\/\\\/youtu.be\\\/-M7oOgwa6YM&quot;,&quot;background_video_start&quot;:39.5,&quot;background_video_end&quot;:53}\">\n\t\t\t\t\t\t\t\t<div class=\"elementor-background-video-container elementor-hidden-phone\">\n\t\t\t\t\t\t\t\t\t\t\t\t\t<div class=\"elementor-background-video-embed\"><\/div>\n\t\t\t\t\t\t\t\t\t\t\t\t<\/div>\n\t\t\t\t\t\t\t\t\t<div class=\"elementor-background-overlay\"><\/div>\n\t\t\t\t\t\t\t<div class=\"elementor-container elementor-column-gap-default\">\n\t\t\t\t\t\t\t<div class=\"elementor-row\">\n\t\t\t\t\t<div class=\"elementor-column elementor-col-100 elementor-top-column elementor-element elementor-element-wqd6enu\" data-id=\"wqd6enu\" data-element_type=\"column\">\n\t\t\t<div class=\"elementor-column-wrap elementor-element-populated\">\n\t\t\t\t\t\t\t<div class=\"elementor-widget-wrap\">\n\t\t\t\t\t\t<div class=\"elementor-element elementor-element-qcaijvx elementor-widget elementor-widget-image\" data-id=\"qcaijvx\" data-element_type=\"widget\" data-widget_type=\"image.default\">\n\t\t\t\t<div class=\"elementor-widget-container\">\n\t\t\t\t\t\t\t\t<div class=\"elementor-image\">\n\t\t\t\t\t\t\t\t\t\t\t\t<img src=\"https:\/\/volleyballelitecamp.com\/wp-content\/uploads\/2021\/03\/VEC.png\" title=\"VEC\" alt=\"VEC\" \/>\t\t\t\t\t\t\t\t\t\t\t\t\t\t<\/div>\n\t\t\t\t\t\t<\/div>\n\t\t\t\t<\/div>\n\t\t\t\t\t\t<\/div>\n\t\t\t\t\t<\/div>\n\t\t<\/div>\n\t\t\t\t\t\t\t\t<\/div>\n\t\t\t\t\t<\/div>\n\t\t<\/section>\n\t\t\t\t<section class=\"elementor-section elementor-top-section elementor-element elementor-element-gpeynms elementor-section-boxed elementor-section-height-default elementor-section-height-default\" data-id=\"gpeynms\" data-element_type=\"section\">\n\t\t\t\t\t\t<div class=\"elementor-container elementor-column-gap-default\">\n\t\t\t\t\t\t\t<div class=\"elementor-row\">\n\t\t\t\t\t<div class=\"elementor-column elementor-col-100 elementor-top-column elementor-element elementor-element-gmjnvvh\" data-id=\"gmjnvvh\" data-element_type=\"column\">\n\t\t\t<div class=\"elementor-column-wrap elementor-element-populated\">\n\t\t\t\t\t\t\t<div class=\"elementor-widget-wrap\">\n\t\t\t\t\t\t<div class=\"elementor-element elementor-element-eb2a568 elementor-widget elementor-widget-spacer\" data-id=\"eb2a568\" data-element_type=\"widget\" data-widget_type=\"spacer.default\">\n\t\t\t\t<div class=\"elementor-widget-container\">\n\t\t\t\t\t<div class=\"elementor-spacer\">\n\t\t\t<div class=\"elementor-spacer-inner\"><\/div>\n\t\t<\/div>\n\t\t\t\t<\/div>\n\t\t\t\t<\/div>\n\t\t\t\t<div class=\"elementor-element elementor-element-qhussjg elementor-widget elementor-widget-text-editor\" data-id=\"qhussjg\" data-element_type=\"widget\" data-widget_type=\"text-editor.default\">\n\t\t\t\t<div class=\"elementor-widget-container\">\n\t\t\t\t\t\t\t\t<div class=\"elementor-text-editor elementor-clearfix\">\n\t\t\t\t<p>Apr\u00e8s cette ann\u00e9e plac\u00e9 sous le signe de \u00ab l\u2019adaptation \u00bb, nous avons h\u00e2te de vous retrouver lors de cette \u00e9dition 2022 du Volley Elite Camp. Vous nous avez manqu\u00e9 et nous sommes dans les starting bloc pour vous accueillir avec une toute nouvelle \u00e9quipe compos\u00e9e de neuf coachs d\u2019horizons diverses mais surtout avec notre nouvelle \u00e9g\u00e9rie : H\u00e9l\u00e9na Cazaute.\u00a0<\/p><p>Apr\u00e8s ses saisons au RC Cannes et l&rsquo;ASPTT Mulhouse, H\u00e9l\u00e9na a sign\u00e9 \u00e0 Chieri (Italie), quatri\u00e8me du championnat de Ligua A1 Depuis des ann\u00e9es, H\u00e9l\u00e9na est le talent brut du Volley Fran\u00e7ais. Titulaire indiscutable de l\u2019\u00e9quipe de France, elle sera pr\u00e9sente lors de cette \u00e9dition, aupr\u00e8s de vous, joueuses. Elle pourra vous donner tous ses secrets de championne et vous \u00e9pauler lors des entra\u00eenements.<\/p><p><span style=\"color: var( --e-global-color-text ); font-family: var( --e-global-typography-text-font-family ), Sans-serif;\">Le concept du camp tournera autour des valeurs importantes d\u2019H\u00e9l\u00e9na. Le plaisir, le partage, le respect, l\u2019engagement, la pers\u00e9v\u00e9rance et la cr\u00e9ativit\u00e9 seront les mots d\u2019ordre.<\/span><span style=\"color: var( --e-global-color-text ); font-family: var( --e-global-typography-text-font-family ), Sans-serif;\">Ce camp 100% f\u00e9minin aura lieu du 04 au 09 Juillet 2021 \u00e0 Romans sur Is\u00e8re.<\/span><\/p><p><span style=\"color: var( --e-global-color-text ); font-family: var( --e-global-typography-text-font-family ), Sans-serif;\">Ce camp reste le fruit d\u2019une collaboration au c\u0153ur du campus \u201cSports O F\u00e9minin\u201d avec les camps \u00ab\u00a0No Limit C\u00e9line Dumerc\u00a0\u00bb en basket-ball, \u00ab\u00a0Les Intr\u00e9pides\u00a0\u00bb d\u2019Estelle Nze Minko en handball qui se d\u00e9roulent aux m\u00eames dates \u00e0 Bourg de P\u00e9age et Romans sur Is\u00e8re.\u00a0<\/span><\/p><p><span style=\"color: var( --e-global-color-text ); font-family: var( --e-global-typography-text-font-family ), Sans-serif;\">Avec Laurent Chambertin en coordinateur g\u00e9n\u00e9rale du stage, cette \u00e9dition promet de nous r\u00e9server pleins de belles surprises et de partage avec vous toutes, passionn\u00e9s de notre belle discipline qu\u2019est le Volley-ball.<\/span><\/p>\t\t\t\t\t<\/div>\n\t\t\t\t\t\t<\/div>\n\t\t\t\t<\/div>\n\t\t\t\t\t\t<\/div>\n\t\t\t\t\t<\/div>\n\t\t<\/div>\n\t\t\t\t\t\t\t\t<\/div>\n\t\t\t\t\t<\/div>\n\t\t<\/section>\n\t\t\t\t<section class=\"elementor-section elementor-top-section elementor-element elementor-element-bhnxpto elementor-section-boxed elementor-section-height-default elementor-section-height-default\" data-id=\"bhnxpto\" data-element_type=\"section\">\n\t\t\t\t\t\t<div class=\"elementor-container elementor-column-gap-default\">\n\t\t\t\t\t\t\t<div class=\"elementor-row\">\n\t\t\t\t\t<div class=\"elementor-column elementor-col-100 elementor-top-column elementor-element elementor-element-56mvyps\" data-id=\"56mvyps\" data-element_type=\"column\">\n\t\t\t<div class=\"elementor-column-wrap\">\n\t\t\t\t\t\t\t<div class=\"elementor-widget-wrap\">\n\t\t\t\t\t\t\t\t<\/div>\n\t\t\t\t\t<\/div>\n\t\t<\/div>\n\t\t\t\t\t\t\t\t<\/div>\n\t\t\t\t\t<\/div>\n\t\t<\/section>\n\t\t\t\t\t\t<\/div>\n\t\t\t\t\t\t<\/div>\n\t\t\t\t\t<\/div>\n\t\t","protected":false},"excerpt":{"rendered":"<p>Apr\u00e8s cette ann\u00e9e plac\u00e9 sous le signe de \u00ab l\u2019adaptation \u00bb, nous avons h\u00e2te de vous retrouver lors de cette \u00e9dition 2022 du Volley Elite Camp. Vous nous avez manqu\u00e9 et nous sommes dans les starting bloc pour vous accueillir avec une toute nouvelle \u00e9quipe&#8230;<\/p>\n","protected":false},"author":2,"featured_media":0,"parent":0,"menu_order":0,"comment_status":"closed","ping_status":"closed","template":"","meta":{"_eb_attr":""},"_links":{"self":[{"href":"https:\/\/volleyballelitecamp.com\/index.php\/wp-json\/wp\/v2\/pages\/178"}],"collection":[{"href":"https:\/\/volleyballelitecamp.com\/index.php\/wp-json\/wp\/v2\/pages"}],"about":[{"href":"https:\/\/volleyballelitecamp.com\/index.php\/wp-json\/wp\/v2\/types\/page"}],"author":[{"embeddable":true,"href":"https:\/\/volleyballelitecamp.com\/index.php\/wp-json\/wp\/v2\/users\/2"}],"replies":[{"embeddable":true,"href":"https:\/\/volleyballelitecamp.com\/index.php\/wp-json\/wp\/v2\/comments?post=178"}],"version-history":[{"count":74,"href":"https:\/\/volleyballelitecamp.com\/index.php\/wp-json\/wp\/v2\/pages\/178\/revisions"}],"predecessor-version":[{"id":916,"href":"https:\/\/volleyballelitecamp.com\/index.php\/wp-json\/wp\/v2\/pages\/178\/revisions\/916"}],"wp:attachment":[{"href":"https:\/\/volleyballelitecamp.com\/index.php\/wp-json\/wp\/v2\/media?parent=178"}],"curies":[{"name":"wp","href":"https:\/\/api.w.org\/{rel}","templated":true}]}}